{"id":278,"date":"2025-04-12T20:42:56","date_gmt":"2025-04-12T20:42:56","guid":{"rendered":"https:\/\/meetinglisboa.aalisboa.com.pt\/?page_id=278"},"modified":"2025-04-13T17:10:38","modified_gmt":"2025-04-13T17:10:38","slug":"meeting-cidade-de-lisboa","status":"publish","type":"page","link":"https:\/\/meetinglisboa.aalisboa.com.pt\/en\/meeting-cidade-de-lisboa\/","title":{"rendered":"Meeting Cidade de Lisboa"},"content":{"rendered":"<div data-elementor-type=\"wp-page\" data-elementor-id=\"278\" class=\"elementor elementor-278\" data-elementor-post-type=\"page\">\n\t\t\t\t<div class=\"elementor-element elementor-element-dd6f7f0 e-grid e-con-boxed e-con e-parent\" data-id=\"dd6f7f0\" data-element_type=\"container\">\n\t\t\t\t\t<div class=\"e-con-inner\">\n\t\t\t\t<div class=\"elementor-element elementor-element-45f2dac elementor-widget elementor-widget-image\" data-id=\"45f2dac\" data-element_type=\"widget\" data-widget_type=\"image.default\">\n\t\t\t\t<div class=\"elementor-widget-container\">\n\t\t\t<style>\/*! elementor - v3.21.0 - 08-05-2024 *\/\n.elementor-widget-image{text-align:center}.elementor-widget-image a{display:inline-block}.elementor-widget-image a img[src$=\".svg\"]{width:48px}.elementor-widget-image img{vertical-align:middle;display:inline-block}<\/style>\t\t\t\t\t\t\t\t\t\t<img fetchpriority=\"high\" decoding=\"async\" width=\"300\" height=\"300\" src=\"https:\/\/meetinglisboa.aalisboa.com.pt\/wp-content\/uploads\/2024\/04\/WhatsApp-Image-2025-04-04-at-20.10.51-300x300.jpeg\" class=\"attachment-medium size-medium wp-image-298\" alt=\"\" srcset=\"https:\/\/meetinglisboa.aalisboa.com.pt\/wp-content\/uploads\/2024\/04\/WhatsApp-Image-2025-04-04-at-20.10.51-300x300.jpeg 300w, https:\/\/meetinglisboa.aalisboa.com.pt\/wp-content\/uploads\/2024\/04\/WhatsApp-Image-2025-04-04-at-20.10.51-1024x1024.jpeg 1024w, https:\/\/meetinglisboa.aalisboa.com.pt\/wp-content\/uploads\/2024\/04\/WhatsApp-Image-2025-04-04-at-20.10.51-150x150.jpeg 150w, https:\/\/meetinglisboa.aalisboa.com.pt\/wp-content\/uploads\/2024\/04\/WhatsApp-Image-2025-04-04-at-20.10.51-768x768.jpeg 768w, https:\/\/meetinglisboa.aalisboa.com.pt\/wp-content\/uploads\/2024\/04\/WhatsApp-Image-2025-04-04-at-20.10.51-12x12.jpeg 12w, https:\/\/meetinglisboa.aalisboa.com.pt\/wp-content\/uploads\/2024\/04\/WhatsApp-Image-2025-04-04-at-20.10.51.jpeg 1080w\" sizes=\"(max-width: 300px) 100vw, 300px\" \/>\t\t\t\t\t\t\t\t\t\t\t\t\t<\/div>\n\t\t\t\t<\/div>\n\t\t\t\t<div class=\"elementor-element elementor-element-0dbaa6f elementor-widget elementor-widget-text-editor\" data-id=\"0dbaa6f\" data-element_type=\"widget\" data-widget_type=\"text-editor.default\">\n\t\t\t\t<div class=\"elementor-widget-container\">\n\t\t\t<style>\/*! elementor - v3.21.0 - 08-05-2024 *\/\n.elementor-widget-text-editor.elementor-drop-cap-view-stacked .elementor-drop-cap{background-color:#69727d;color:#fff}.elementor-widget-text-editor.elementor-drop-cap-view-framed .elementor-drop-cap{color:#69727d;border:3px solid;background-color:transparent}.elementor-widget-text-editor:not(.elementor-drop-cap-view-default) .elementor-drop-cap{margin-top:8px}.elementor-widget-text-editor:not(.elementor-drop-cap-view-default) .elementor-drop-cap-letter{width:1em;height:1em}.elementor-widget-text-editor .elementor-drop-cap{float:left;text-align:center;line-height:1;font-size:50px}.elementor-widget-text-editor .elementor-drop-cap-letter{display:inline-block}<\/style>\t\t\t\t<p class=\"\" data-start=\"68\" data-end=\"167\">O Meeting Cidade de Lisboa realiza-se todos os anos no dia 10 de Junho, no Est\u00e1dio Universit\u00e1rio de Lisboa pelas 15h00.<\/p><p class=\"\" data-start=\"169\" data-end=\"419\">Regulamento brevemente disponivel.<\/p>\t\t\t\t\t\t<\/div>\n\t\t\t\t<\/div>\n\t\t\t\t\t<\/div>\n\t\t\t\t<\/div>\n\t\t<div class=\"elementor-element elementor-element-49cdca8 e-grid e-con-boxed e-con e-parent\" data-id=\"49cdca8\" data-element_type=\"container\">\n\t\t\t\t\t<div class=\"e-con-inner\">\n\t\t\t\t<div class=\"elementor-element elementor-element-1e9c8e7 elementor-widget elementor-widget-text-editor\" data-id=\"1e9c8e7\" data-element_type=\"widget\" data-widget_type=\"text-editor.default\">\n\t\t\t\t<div class=\"elementor-widget-container\">\n\t\t\t\t\t\t\t<p><strong>Location<\/strong>: Est\u00e1dio Universit\u00e1rio de Lisboa<\/p>\t\t\t\t\t\t<\/div>\n\t\t\t\t<\/div>\n\t\t\t\t<div class=\"elementor-element elementor-element-b10d61c elementor-widget elementor-widget-image\" data-id=\"b10d61c\" data-element_type=\"widget\" data-widget_type=\"image.default\">\n\t\t\t\t<div class=\"elementor-widget-container\">\n\t\t\t\t\t\t\t\t\t\t\t\t\t<img decoding=\"async\" width=\"800\" height=\"350\" src=\"https:\/\/meetinglisboa.aalisboa.com.pt\/wp-content\/uploads\/2024\/04\/Estadio-Universitario-de-Lisboa.jpg\" class=\"attachment-large size-large wp-image-59\" alt=\"\" srcset=\"https:\/\/meetinglisboa.aalisboa.com.pt\/wp-content\/uploads\/2024\/04\/Estadio-Universitario-de-Lisboa.jpg 960w, https:\/\/meetinglisboa.aalisboa.com.pt\/wp-content\/uploads\/2024\/04\/Estadio-Universitario-de-Lisboa-300x131.jpg 300w, https:\/\/meetinglisboa.aalisboa.com.pt\/wp-content\/uploads\/2024\/04\/Estadio-Universitario-de-Lisboa-768x336.jpg 768w\" sizes=\"(max-width: 800px) 100vw, 800px\" \/>\t\t\t\t\t\t\t\t\t\t\t\t\t<\/div>\n\t\t\t\t<\/div>\n\t\t\t\t\t<\/div>\n\t\t\t\t<\/div>\n\t\t\t\t<\/div>","protected":false},"excerpt":{"rendered":"<p>O Meeting Cidade de Lisboa realiza-se todos os anos no dia 10 de Junho, no Est\u00e1dio Universit\u00e1rio de Lisboa pelas 15h00. Regulamento brevemente disponivel. Localiza\u00e7\u00e3o: Est\u00e1dio Universit\u00e1rio de Lisboa<\/p>","protected":false},"author":3,"featured_media":0,"parent":0,"menu_order":0,"comment_status":"closed","ping_status":"closed","template":"","meta":{"footnotes":""},"class_list":["post-278","page","type-page","status-publish","hentry"],"_links":{"self":[{"href":"https:\/\/meetinglisboa.aalisboa.com.pt\/en\/wp-json\/wp\/v2\/pages\/278","targetHints":{"allow":["GET"]}}],"collection":[{"href":"https:\/\/meetinglisboa.aalisboa.com.pt\/en\/wp-json\/wp\/v2\/pages"}],"about":[{"href":"https:\/\/meetinglisboa.aalisboa.com.pt\/en\/wp-json\/wp\/v2\/types\/page"}],"author":[{"embeddable":true,"href":"https:\/\/meetinglisboa.aalisboa.com.pt\/en\/wp-json\/wp\/v2\/users\/3"}],"replies":[{"embeddable":true,"href":"https:\/\/meetinglisboa.aalisboa.com.pt\/en\/wp-json\/wp\/v2\/comments?post=278"}],"version-history":[{"count":4,"href":"https:\/\/meetinglisboa.aalisboa.com.pt\/en\/wp-json\/wp\/v2\/pages\/278\/revisions"}],"predecessor-version":[{"id":340,"href":"https:\/\/meetinglisboa.aalisboa.com.pt\/en\/wp-json\/wp\/v2\/pages\/278\/revisions\/340"}],"wp:attachment":[{"href":"https:\/\/meetinglisboa.aalisboa.com.pt\/en\/wp-json\/wp\/v2\/media?parent=278"}],"curies":[{"name":"wp","href":"https:\/\/api.w.org\/{rel}","templated":true}]}}