{"id":276,"date":"2025-04-12T20:42:37","date_gmt":"2025-04-12T20:42:37","guid":{"rendered":"https:\/\/meetinglisboa.aalisboa.com.pt\/?page_id=276"},"modified":"2025-04-13T17:01:14","modified_gmt":"2025-04-13T17:01:14","slug":"meeting-eduardo-cunha","status":"publish","type":"page","link":"https:\/\/meetinglisboa.aalisboa.com.pt\/en\/meeting-eduardo-cunha\/","title":{"rendered":"Meeting Eduardo Cunha"},"content":{"rendered":"<div data-elementor-type=\"wp-page\" data-elementor-id=\"276\" class=\"elementor elementor-276\" data-elementor-post-type=\"page\">\n\t\t\t\t<div class=\"elementor-element elementor-element-0be4a10 e-grid e-con-boxed e-con e-parent\" data-id=\"0be4a10\" data-element_type=\"container\">\n\t\t\t\t\t<div class=\"e-con-inner\">\n\t\t\t\t<div class=\"elementor-element elementor-element-e37cacb elementor-widget elementor-widget-image\" data-id=\"e37cacb\" data-element_type=\"widget\" data-widget_type=\"image.default\">\n\t\t\t\t<div class=\"elementor-widget-container\">\n\t\t\t<style>\/*! elementor - v3.21.0 - 08-05-2024 *\/\n.elementor-widget-image{text-align:center}.elementor-widget-image a{display:inline-block}.elementor-widget-image a img[src$=\".svg\"]{width:48px}.elementor-widget-image img{vertical-align:middle;display:inline-block}<\/style>\t\t\t\t\t\t\t\t\t\t<img fetchpriority=\"high\" decoding=\"async\" width=\"270\" height=\"300\" src=\"https:\/\/meetinglisboa.aalisboa.com.pt\/wp-content\/uploads\/2025\/04\/WhatsApp-Image-2025-04-04-at-20.10.52-3-270x300.jpeg\" class=\"attachment-medium size-medium wp-image-213\" alt=\"\" srcset=\"https:\/\/meetinglisboa.aalisboa.com.pt\/wp-content\/uploads\/2025\/04\/WhatsApp-Image-2025-04-04-at-20.10.52-3-270x300.jpeg 270w, https:\/\/meetinglisboa.aalisboa.com.pt\/wp-content\/uploads\/2025\/04\/WhatsApp-Image-2025-04-04-at-20.10.52-3-922x1024.jpeg 922w, https:\/\/meetinglisboa.aalisboa.com.pt\/wp-content\/uploads\/2025\/04\/WhatsApp-Image-2025-04-04-at-20.10.52-3-768x853.jpeg 768w, https:\/\/meetinglisboa.aalisboa.com.pt\/wp-content\/uploads\/2025\/04\/WhatsApp-Image-2025-04-04-at-20.10.52-3-11x12.jpeg 11w, https:\/\/meetinglisboa.aalisboa.com.pt\/wp-content\/uploads\/2025\/04\/WhatsApp-Image-2025-04-04-at-20.10.52-3.jpeg 1080w\" sizes=\"(max-width: 270px) 100vw, 270px\" \/>\t\t\t\t\t\t\t\t\t\t\t\t\t<\/div>\n\t\t\t\t<\/div>\n\t\t\t\t<div class=\"elementor-element elementor-element-9f2b813 elementor-widget elementor-widget-text-editor\" data-id=\"9f2b813\" data-element_type=\"widget\" data-widget_type=\"text-editor.default\">\n\t\t\t\t<div class=\"elementor-widget-container\">\n\t\t\t<style>\/*! elementor - v3.21.0 - 08-05-2024 *\/\n.elementor-widget-text-editor.elementor-drop-cap-view-stacked .elementor-drop-cap{background-color:#69727d;color:#fff}.elementor-widget-text-editor.elementor-drop-cap-view-framed .elementor-drop-cap{color:#69727d;border:3px solid;background-color:transparent}.elementor-widget-text-editor:not(.elementor-drop-cap-view-default) .elementor-drop-cap{margin-top:8px}.elementor-widget-text-editor:not(.elementor-drop-cap-view-default) .elementor-drop-cap-letter{width:1em;height:1em}.elementor-widget-text-editor .elementor-drop-cap{float:left;text-align:center;line-height:1;font-size:50px}.elementor-widget-text-editor .elementor-drop-cap-letter{display:inline-block}<\/style>\t\t\t\t<p class=\"\" data-start=\"68\" data-end=\"167\">O Meeting Eduardo Cunha realiza-se em 2025 no dia 7 de Junho na Pista Municipal M\u00e1rio Moniz Pereira em Lisboa.<\/p><p data-start=\"68\" data-end=\"167\">Regulamento brevemente disponivel.<\/p>\t\t\t\t\t\t<\/div>\n\t\t\t\t<\/div>\n\t\t\t\t<div class=\"elementor-element elementor-element-ae23841 elementor-widget elementor-widget-text-editor\" data-id=\"ae23841\" data-element_type=\"widget\" data-widget_type=\"text-editor.default\">\n\t\t\t\t<div class=\"elementor-widget-container\">\n\t\t\t\t\t\t\t<p><strong>Location<\/strong>: Pista Municipal M\u00e1rio Moniz Pereira, Lisboa<\/p>\t\t\t\t\t\t<\/div>\n\t\t\t\t<\/div>\n\t\t\t\t<div class=\"elementor-element elementor-element-193c2a5 elementor-widget elementor-widget-image\" data-id=\"193c2a5\" data-element_type=\"widget\" data-widget_type=\"image.default\">\n\t\t\t\t<div class=\"elementor-widget-container\">\n\t\t\t\t\t\t\t\t\t\t\t\t\t<img decoding=\"async\" width=\"300\" height=\"200\" src=\"https:\/\/meetinglisboa.aalisboa.com.pt\/wp-content\/uploads\/2025\/04\/moniz-pereira_pista-atletismo_5-300x200.jpg\" class=\"attachment-medium size-medium wp-image-330\" alt=\"\" srcset=\"https:\/\/meetinglisboa.aalisboa.com.pt\/wp-content\/uploads\/2025\/04\/moniz-pereira_pista-atletismo_5-300x200.jpg 300w, https:\/\/meetinglisboa.aalisboa.com.pt\/wp-content\/uploads\/2025\/04\/moniz-pereira_pista-atletismo_5-768x513.jpg 768w, https:\/\/meetinglisboa.aalisboa.com.pt\/wp-content\/uploads\/2025\/04\/moniz-pereira_pista-atletismo_5-18x12.jpg 18w, https:\/\/meetinglisboa.aalisboa.com.pt\/wp-content\/uploads\/2025\/04\/moniz-pereira_pista-atletismo_5.jpg 800w\" sizes=\"(max-width: 300px) 100vw, 300px\" \/>\t\t\t\t\t\t\t\t\t\t\t\t\t<\/div>\n\t\t\t\t<\/div>\n\t\t\t\t\t<\/div>\n\t\t\t\t<\/div>\n\t\t\t\t<\/div>","protected":false},"excerpt":{"rendered":"<p>O Meeting Eduardo Cunha realiza-se em 2025 no dia 7 de Junho na Pista Municipal M\u00e1rio Moniz Pereira em Lisboa. Regulamento brevemente disponivel. Localiza\u00e7\u00e3o: Pista Municipal M\u00e1rio Moniz Pereira, Lisboa<\/p>","protected":false},"author":3,"featured_media":0,"parent":0,"menu_order":0,"comment_status":"closed","ping_status":"closed","template":"","meta":{"footnotes":""},"class_list":["post-276","page","type-page","status-publish","hentry"],"_links":{"self":[{"href":"https:\/\/meetinglisboa.aalisboa.com.pt\/en\/wp-json\/wp\/v2\/pages\/276","targetHints":{"allow":["GET"]}}],"collection":[{"href":"https:\/\/meetinglisboa.aalisboa.com.pt\/en\/wp-json\/wp\/v2\/pages"}],"about":[{"href":"https:\/\/meetinglisboa.aalisboa.com.pt\/en\/wp-json\/wp\/v2\/types\/page"}],"author":[{"embeddable":true,"href":"https:\/\/meetinglisboa.aalisboa.com.pt\/en\/wp-json\/wp\/v2\/users\/3"}],"replies":[{"embeddable":true,"href":"https:\/\/meetinglisboa.aalisboa.com.pt\/en\/wp-json\/wp\/v2\/comments?post=276"}],"version-history":[{"count":4,"href":"https:\/\/meetinglisboa.aalisboa.com.pt\/en\/wp-json\/wp\/v2\/pages\/276\/revisions"}],"predecessor-version":[{"id":333,"href":"https:\/\/meetinglisboa.aalisboa.com.pt\/en\/wp-json\/wp\/v2\/pages\/276\/revisions\/333"}],"wp:attachment":[{"href":"https:\/\/meetinglisboa.aalisboa.com.pt\/en\/wp-json\/wp\/v2\/media?parent=276"}],"curies":[{"name":"wp","href":"https:\/\/api.w.org\/{rel}","templated":true}]}}