{"id":274,"date":"2025-04-12T20:42:15","date_gmt":"2025-04-12T20:42:15","guid":{"rendered":"https:\/\/meetinglisboa.aalisboa.com.pt\/?page_id=274"},"modified":"2025-04-13T16:55:58","modified_gmt":"2025-04-13T16:55:58","slug":"meeting-do-trabalhador","status":"publish","type":"page","link":"https:\/\/meetinglisboa.aalisboa.com.pt\/en\/meeting-do-trabalhador\/","title":{"rendered":"Meeting do Trabalhador"},"content":{"rendered":"<div data-elementor-type=\"wp-page\" data-elementor-id=\"274\" class=\"elementor elementor-274\" data-elementor-post-type=\"page\">\n\t\t\t\t<div class=\"elementor-element elementor-element-b1344f0 e-grid e-con-boxed e-con e-parent\" data-id=\"b1344f0\" data-element_type=\"container\">\n\t\t\t\t\t<div class=\"e-con-inner\">\n\t\t\t\t<div class=\"elementor-element elementor-element-9619a1d elementor-widget elementor-widget-image\" data-id=\"9619a1d\" data-element_type=\"widget\" data-widget_type=\"image.default\">\n\t\t\t\t<div class=\"elementor-widget-container\">\n\t\t\t<style>\/*! elementor - v3.21.0 - 08-05-2024 *\/\n.elementor-widget-image{text-align:center}.elementor-widget-image a{display:inline-block}.elementor-widget-image a img[src$=\".svg\"]{width:48px}.elementor-widget-image img{vertical-align:middle;display:inline-block}<\/style>\t\t\t\t\t\t\t\t\t\t<img fetchpriority=\"high\" decoding=\"async\" width=\"300\" height=\"300\" src=\"https:\/\/meetinglisboa.aalisboa.com.pt\/wp-content\/uploads\/2025\/04\/WhatsApp-Image-2025-04-04-at-20.10.52-2-300x300.jpeg\" class=\"attachment-medium size-medium wp-image-214\" alt=\"\" srcset=\"https:\/\/meetinglisboa.aalisboa.com.pt\/wp-content\/uploads\/2025\/04\/WhatsApp-Image-2025-04-04-at-20.10.52-2-300x300.jpeg 300w, https:\/\/meetinglisboa.aalisboa.com.pt\/wp-content\/uploads\/2025\/04\/WhatsApp-Image-2025-04-04-at-20.10.52-2-1024x1024.jpeg 1024w, https:\/\/meetinglisboa.aalisboa.com.pt\/wp-content\/uploads\/2025\/04\/WhatsApp-Image-2025-04-04-at-20.10.52-2-150x150.jpeg 150w, https:\/\/meetinglisboa.aalisboa.com.pt\/wp-content\/uploads\/2025\/04\/WhatsApp-Image-2025-04-04-at-20.10.52-2-768x768.jpeg 768w, https:\/\/meetinglisboa.aalisboa.com.pt\/wp-content\/uploads\/2025\/04\/WhatsApp-Image-2025-04-04-at-20.10.52-2-12x12.jpeg 12w, https:\/\/meetinglisboa.aalisboa.com.pt\/wp-content\/uploads\/2025\/04\/WhatsApp-Image-2025-04-04-at-20.10.52-2.jpeg 1080w\" sizes=\"(max-width: 300px) 100vw, 300px\" \/>\t\t\t\t\t\t\t\t\t\t\t\t\t<\/div>\n\t\t\t\t<\/div>\n\t\t\t\t<div class=\"elementor-element elementor-element-617f122 elementor-widget elementor-widget-text-editor\" data-id=\"617f122\" data-element_type=\"widget\" data-widget_type=\"text-editor.default\">\n\t\t\t\t<div class=\"elementor-widget-container\">\n\t\t\t<style>\/*! elementor - v3.21.0 - 08-05-2024 *\/\n.elementor-widget-text-editor.elementor-drop-cap-view-stacked .elementor-drop-cap{background-color:#69727d;color:#fff}.elementor-widget-text-editor.elementor-drop-cap-view-framed .elementor-drop-cap{color:#69727d;border:3px solid;background-color:transparent}.elementor-widget-text-editor:not(.elementor-drop-cap-view-default) .elementor-drop-cap{margin-top:8px}.elementor-widget-text-editor:not(.elementor-drop-cap-view-default) .elementor-drop-cap-letter{width:1em;height:1em}.elementor-widget-text-editor .elementor-drop-cap{float:left;text-align:center;line-height:1;font-size:50px}.elementor-widget-text-editor .elementor-drop-cap-letter{display:inline-block}<\/style>\t\t\t\t<p class=\"\" data-start=\"68\" data-end=\"167\">O Meeting da Liberdade realiza-se todos os anos no dia 25 de Abril, no Est\u00e1dio 1\u00ba de Maio \u2013 INATEL.<\/p><p class=\"\" data-start=\"169\" data-end=\"419\">Regulamento brevemente disponivel.<\/p>\t\t\t\t\t\t<\/div>\n\t\t\t\t<\/div>\n\t\t\t\t<div class=\"elementor-element elementor-element-d40585c elementor-widget elementor-widget-text-editor\" data-id=\"d40585c\" data-element_type=\"widget\" data-widget_type=\"text-editor.default\">\n\t\t\t\t<div class=\"elementor-widget-container\">\n\t\t\t\t\t\t\t<p><strong>Location<\/strong>: Est\u00e1dio 1\u00ba de Maio &#8211; INATEL, Lisboa<\/p>\t\t\t\t\t\t<\/div>\n\t\t\t\t<\/div>\n\t\t\t\t<div class=\"elementor-element elementor-element-378ebf0 elementor-widget elementor-widget-image\" data-id=\"378ebf0\" data-element_type=\"widget\" data-widget_type=\"image.default\">\n\t\t\t\t<div class=\"elementor-widget-container\">\n\t\t\t\t\t\t\t\t\t\t\t\t\t<img decoding=\"async\" width=\"800\" height=\"398\" src=\"https:\/\/meetinglisboa.aalisboa.com.pt\/wp-content\/uploads\/2025\/04\/pj-1024x510.jpg\" class=\"attachment-large size-large wp-image-245\" alt=\"\" srcset=\"https:\/\/meetinglisboa.aalisboa.com.pt\/wp-content\/uploads\/2025\/04\/pj-1024x510.jpg 1024w, https:\/\/meetinglisboa.aalisboa.com.pt\/wp-content\/uploads\/2025\/04\/pj-300x149.jpg 300w, https:\/\/meetinglisboa.aalisboa.com.pt\/wp-content\/uploads\/2025\/04\/pj-768x382.jpg 768w, https:\/\/meetinglisboa.aalisboa.com.pt\/wp-content\/uploads\/2025\/04\/pj-18x9.jpg 18w, https:\/\/meetinglisboa.aalisboa.com.pt\/wp-content\/uploads\/2025\/04\/pj.jpg 1296w\" sizes=\"(max-width: 800px) 100vw, 800px\" \/>\t\t\t\t\t\t\t\t\t\t\t\t\t<\/div>\n\t\t\t\t<\/div>\n\t\t\t\t\t<\/div>\n\t\t\t\t<\/div>\n\t\t\t\t<\/div>","protected":false},"excerpt":{"rendered":"<p>O Meeting da Liberdade realiza-se todos os anos no dia 25 de Abril, no Est\u00e1dio 1\u00ba de Maio \u2013 INATEL. Regulamento brevemente disponivel. Localiza\u00e7\u00e3o: Est\u00e1dio 1\u00ba de Maio &#8211; INATEL, Lisboa<\/p>","protected":false},"author":3,"featured_media":0,"parent":0,"menu_order":0,"comment_status":"closed","ping_status":"closed","template":"","meta":{"footnotes":""},"class_list":["post-274","page","type-page","status-publish","hentry"],"_links":{"self":[{"href":"https:\/\/meetinglisboa.aalisboa.com.pt\/en\/wp-json\/wp\/v2\/pages\/274","targetHints":{"allow":["GET"]}}],"collection":[{"href":"https:\/\/meetinglisboa.aalisboa.com.pt\/en\/wp-json\/wp\/v2\/pages"}],"about":[{"href":"https:\/\/meetinglisboa.aalisboa.com.pt\/en\/wp-json\/wp\/v2\/types\/page"}],"author":[{"embeddable":true,"href":"https:\/\/meetinglisboa.aalisboa.com.pt\/en\/wp-json\/wp\/v2\/users\/3"}],"replies":[{"embeddable":true,"href":"https:\/\/meetinglisboa.aalisboa.com.pt\/en\/wp-json\/wp\/v2\/comments?post=274"}],"version-history":[{"count":4,"href":"https:\/\/meetinglisboa.aalisboa.com.pt\/en\/wp-json\/wp\/v2\/pages\/274\/revisions"}],"predecessor-version":[{"id":329,"href":"https:\/\/meetinglisboa.aalisboa.com.pt\/en\/wp-json\/wp\/v2\/pages\/274\/revisions\/329"}],"wp:attachment":[{"href":"https:\/\/meetinglisboa.aalisboa.com.pt\/en\/wp-json\/wp\/v2\/media?parent=274"}],"curies":[{"name":"wp","href":"https:\/\/api.w.org\/{rel}","templated":true}]}}